{"id":574,"date":"2017-11-10T14:08:51","date_gmt":"2017-11-10T14:08:51","guid":{"rendered":"http:\/\/tag_link_site_url\/mesmerize\/"},"modified":"2024-02-09T18:42:22","modified_gmt":"2024-02-09T18:42:22","slug":"mesmerize","status":"publish","type":"page","link":"http:\/\/ch1construtora.com.br\/","title":{"rendered":"Home"},"content":{"rendered":"<div  data-label=\"Sobre N\u00f3s\" data-id=\"about-1\" data-export-id=\"about-1\" data-category=\"about\" class=\"about-1 content-section content-section-spacing white-text\" id=\"sobre-nos\" style=\"background-color: rgb(63, 62, 62); background-image: none;\">\n    <div  class=\"\">\n        <div  class=\"row text-center\">\n            <div  class=\"section-title-col\" data-type=\"column\">\n                <h2  class=\"\"><span  style=\"color: rgb(235, 195, 153); font-family: &quot;Open Sans&quot;, arial, helvetica, sans-serif; font-weight: 700;\">\n                    <span  style=\"color: rgb(255, 204, 0);\">Sobre a CH1 Construtora<span  id=\"_mce_caret\" data-mce-bogus=\"1\" data-mce-type=\"format-caret\">\ufeff<\/span><\/span><span  id=\"_mce_caret\" data-mce-bogus=\"1\" data-mce-type=\"format-caret\"><span  style=\"color: rgb(255, 204, 0);\">\ufeff<\/span><\/span>\n                <\/span><span  id=\"_mce_caret\" data-mce-bogus=\"1\" data-mce-type=\"format-caret\"><span  style=\"font-family: &quot;Open Sans&quot;, arial, helvetica, sans-serif; font-weight: 700;\">\ufeff<\/span><\/span><\/h2>\n                \n            <p  class=\"lead\">Criada pela jun\u00e7\u00e3o de engenheiros e arquitetos com larga experi\u00eancia no segmento da constru\u00e7\u00e3o civil, a&nbsp;<span  style=\"font-size: 16.8px; font-weight: 700;\">CH1 Construtora<\/span>&nbsp;tem como prop\u00f3sito trazer grande inova\u00e7\u00e3o e novas tend\u00eancias nas \u00e1reas civil e instala\u00e7\u00f5es prediais, utilizando novas t\u00e9cnicas de constru\u00e7\u00e3o.\n<br ><br >\nNossa miss\u00e3o \u00e9 criar um elo entre as necessidades cada vez maiores de nossos clientes com solu\u00e7\u00f5es construtivas operando modernos m\u00e9todos e processos eficazes para cada tipo de obra, objetivando melhores custos benef\u00edcios do mercado.<\/p><\/div>\n        <\/div>\n    <\/div>\n<\/div><div  data-label=\"Servi\u00e7os\" data-id=\"features-13\" data-export-id=\"features-13\" data-category=\"features\" class=\"features-13 content-section content-section-spacing white-text content-relative\" id=\"servicos\" style=\"background-color: rgba(255, 255, 255, 0); background-image: none; background-size: cover; background-position: center top;\" data-section-ov=\"1\">\n    <div  class=\"gridContainer\">\n        <div  class=\"row text-center\">\n            <div  class=\"section-title-col\" data-type=\"column\">\n                <h2  class=\"\"><span  style=\"color: rgb(255, 255, 255); font-family: &quot;Open Sans&quot;, arial, helvetica, sans-serif; font-weight: 700;\">\n                     <span  style=\"color: rgb(251, 192, 45);\">Servi\u00e7os<\/span><\/span><\/h2>\n                \n            <\/div>\n        <\/div>\n        <div  class=\"row spaced-cols center-sm content-center-sm\" data-type=\"row\">\n            \n            <div  class=\"col col-sm-6 space-bottom col-md-6\">\n                <i  class=\"fa icon fa-university large color3\"> <\/i>\n                <h4  class=\"\"><span  style=\"color: rgb(0, 0, 0); font-family: &quot;Open Sans&quot;, arial, helvetica, sans-serif; font-weight: 600;\">\n                     <span  style=\"color: rgb(251, 192, 45);\">Constru\u00e7\u00e3o Civil<\/span><\/span><\/h4>\n                <p  class=\"\">Empreendimentos comerciais e Residenciais, supermercados, atacados, igrejas, galp\u00f5es log\u00edsticos, entre outros.<\/p>\n            <\/div><div  class=\"col col-sm-6 space-bottom col-md-6\">\n                <i  class=\"fa icon fa-building large color3\"> <\/i>\n                <h4  class=\"\"><span  style=\"color: rgb(0, 0, 0); font-family: &quot;Open Sans&quot;, arial, helvetica, sans-serif; font-weight: 600;\">\n                     <span  style=\"color: rgb(251, 192, 45);\">Instala\u00e7\u00f5es Prediais<\/span><\/span><\/h4>\n                <p  class=\"\"><span  style=\"color: rgb(196, 196, 196); font-weight: 400;\"><span  style=\"color: rgb(253, 249, 249);\">Hidr\u00e1ulicas e sanit\u00e1rias: \u00e1gua fria; \u00e1gua quente (energia solar, el\u00e9trica, a g\u00e1s); \u00e1guas pluviais; esgoto sanit\u00e1rio.\n<br >Instala\u00e7\u00f5es El\u00e9tricas, Ar-condicionado, inc\u00eandio e refrigera\u00e7\u00e3o.<\/span><\/span><\/p>\n            <\/div>\n            \n        <div  class=\"col col-sm-6 space-bottom col-md-6\">\n                <i  class=\"fa icon fa-home large color3\"> <\/i>\n                <h4  class=\"\"><span  style=\"color: rgb(235, 195, 153); font-family: &quot;Open Sans&quot;, arial, helvetica, sans-serif; font-weight: 600;\">\n                     <span  style=\"color: rgb(255, 204, 0);\">Incorpora\u00e7\u00f5es Imobili\u00e1rias<\/span><\/span><\/h4>\n                <p  class=\"\">Estudo do Terreno<br >\nEstudos Mercadol\u00f3gicos e de Viabilidade Econ\u00f4mica<br >Documenta\u00e7\u00e3o<br >Consultoria de Financiamento e Comercializa\u00e7\u00e3o das Unidades Residenciais<br >\nExecu\u00e7\u00e3o da Obra<\/p>\n            <\/div><div  class=\"col col-sm-6 space-bottom col-md-6\">\n                <i  class=\"fa icon fa-shopping-basket large color3\"> <\/i>\n                <h4  class=\"\"><span  style=\"color: rgb(0, 0, 0); font-family: &quot;Open Sans&quot;, arial, helvetica, sans-serif; font-weight: 600;\">\n                     <span  style=\"color: rgb(251, 192, 45);\">Incorpora\u00e7\u00f5es Comerciais<\/span><\/span><\/h4>\n                <p  class=\"\">Estudos de terreno\n<br >Estudos de viabilidade econ\u00f4mica\n<br >Aprova\u00e7\u00e3o de documenta\u00e7\u00e3o\n<br >Or\u00e7amentos e planejamento.<\/p>\n            <\/div><div  class=\"col col-sm-6 space-bottom col-md-6\">\n                <i  class=\"fa icon fa-file large color3\"> <\/i>\n                <h4  class=\"\"><span  style=\"color: rgb(253, 249, 249); font-family: &quot;Open Sans&quot;, arial, helvetica, sans-serif; font-weight: 600;\">\n                     <span  style=\"color: rgb(251, 192, 45);\">Cria\u00e7\u00e3o de Projeto<\/span><\/span><\/h4>\n                <p  class=\"\">Planejamento detalhado do projeto, desde a planta at\u00e9 a execu\u00e7\u00e3o.<\/p>\n            <\/div><div  class=\"col col-sm-6 space-bottom col-md-6\">\n                <i  class=\"fa icon fa-wrench large color3\"> <\/i>\n                <h4  class=\"\"><span  style=\"color: rgb(255, 204, 0); font-family: &quot;Open Sans&quot;, arial, helvetica, sans-serif; font-weight: 600;\">\n                     Reformas e Manuten\u00e7\u00f5es<\/span><\/h4>\n                <p  class=\"\">Pintura, Reparos, Limpeza de Fachada e Outros Servi\u00e7os<\/p>\n            <\/div><\/div>\n    <\/div>\n<\/div><div  data-label=\"Obras Realizadas\" data-id=\"portfolio--2\" data-export-id=\"portfolio-5\" data-category=\"portfolio\" class=\"portfolio-5 content-section content-section-spacing\" id=\"obras-realizadas\" style=\"background-color: rgb(63, 62, 63); background-image: none;\"><div  class=\"gridContainer\"> <div  class=\"row text-center\"><div  class=\"section-title-col\" data-type=\"column\"> <h2  class=\"\"><span  style=\"font-family: &quot;Open Sans&quot;, arial, helvetica, sans-serif; font-weight: 700; color: rgb(251, 192, 45);\">Obras Realizadas<\/span><\/h2> <\/div> <\/div> <div  class=\"row space-bottom spaced-cols\" data-type=\"row\"> <div  class=\"col-xs-12 text-center col-sm-12 col-md-4 \"> <div  class=\"card no-padding bordered\"> <div  data-hover-fx=\"portfolio-6\" class=\"contentswap-effect\"> <div  class=\"initial-image\"> <img  decoding=\"async\" data-size=\"500x333\" src=\"http:\/\/ch1construtora.com.br\/wp-content\/uploads\/2023\/07\/Site-I-Mundial-Central.jpeg\"><\/div> <div  class=\"overlay bg-color14\"><\/div> <div  class=\"swap-inner col-xs-12\"> <div  class=\"row full-height-row middle-xs middle-sm\"> <div  class=\"col-xs-12 text-center content-holder\"> <a class=\"button small color3 dark-text\" href=\"http:\/\/ch1construtora.com.br?page_id=756\" target=\"_self\" data-cp-link=\"1\" data-icon=\"\" rel=\"noopener\">Ver Mais<\/a><\/div> <\/div><\/div> <\/div> <div  class=\"col-xs-12\"> <div  class=\"space-bottom space-top\" data-type=\"column\"> <h5  class=\"\"><span  style=\"font-family: &quot;Open Sans&quot;, arial, helvetica, sans-serif; font-weight: 400;\">Supermercado Mundial \u2013 Inha\u00fama<\/span><\/h5> <p  class=\"small italic\">Supermercados Mundial Ltda., localizado em Inha\u00fama\/RJ \u2013 Novo Pr\u00e9dio de Apoio de Funcion\u00e1rios)<\/p><\/div> <\/div><\/div> <\/div> <div  class=\"col-xs-12 text-center col-sm-12 col-md-4\"> <div  class=\"card no-padding bordered\"> <div  data-hover-fx=\"portfolio-6\" class=\"contentswap-effect\"> <div  class=\"initial-image\"> <img  decoding=\"async\" data-size=\"500x333\" src=\"http:\/\/ch1construtora.com.br\/wp-content\/uploads\/2024\/02\/Mundialbarra1.jpg\"><\/div> <div  class=\"overlay bg-color14\"><\/div> <div  class=\"swap-inner col-xs-12\"> <div  class=\"row full-height-row middle-xs middle-sm\"> <div  class=\"col-xs-12 text-center content-holder\"> <a class=\"button small color3 dark-text\" href=\"http:\/\/ch1construtora.com.br?page_id=775\" target=\"_self\" data-cp-link=\"1\" data-icon=\"\" rel=\"noopener\">Ver Mais<\/a><\/div> <\/div><\/div> <\/div> <div  class=\"col-xs-12\"> <div  class=\"space-bottom space-top\" data-type=\"column\"> <h5  class=\"\"><span  style=\"font-family: &quot;Open Sans&quot;, arial, helvetica, sans-serif; font-weight: 400;\">Supermercado Mundial \u2013 Barra<\/span><\/h5> <p  class=\"small italic\">Loja do Mundial Retrofit, localizada no Largo da Barrinha\/RJ<\/p><\/div> <\/div><\/div> <\/div><div  class=\"col-xs-12 text-center col-sm-12 col-md-4 \"> <div  class=\"card no-padding bordered\"> <div  data-hover-fx=\"portfolio-6\" class=\"contentswap-effect\"> <div  class=\"initial-image\"> <img  decoding=\"async\" data-size=\"500x333\" src=\"http:\/\/ch1construtora.com.br\/wp-content\/uploads\/2023\/07\/Pesca1.jpg\"><\/div> <div  class=\"overlay bg-color14\"><\/div> <div  class=\"swap-inner col-xs-12\"> <div  class=\"row full-height-row middle-xs middle-sm\"> <div  class=\"col-xs-12 text-center content-holder\"> <a class=\"button small color3 dark-text\" href=\"http:\/\/ch1construtora.com.br?page_id=727\" target=\"_self\" data-cp-link=\"1\" data-icon=\"\" rel=\"noopener\">Ver Mais<\/a><\/div> <\/div><\/div> <\/div> <div  class=\"col-xs-12\"> <div  class=\"space-bottom space-top\" data-type=\"column\"> <h5  class=\"\"><span  style=\"font-family: &quot;Open Sans&quot;, arial, helvetica, sans-serif;\">Pescarimarcar<\/span><\/h5> <p  class=\"small italic\">Pescarimarcar Distribuidora de Pescados Ltda., localizada no Mercado S\u00e3o Sebasti\u00e3o \u2013 Penha\/RJ<\/p><\/div> <\/div><\/div> <\/div><div  class=\"col-xs-12 text-center col-sm-12 col-md-4 \"> <div  class=\"card no-padding bordered\"> <div  data-hover-fx=\"portfolio-6\" class=\"contentswap-effect\"> <div  class=\"initial-image\"> <img  decoding=\"async\" data-size=\"500x333\" src=\"http:\/\/ch1construtora.com.br\/wp-content\/uploads\/2023\/07\/Prezunic1.jpg\"><\/div> <div  class=\"overlay bg-color14\"><\/div> <div  class=\"swap-inner col-xs-12\"> <div  class=\"row full-height-row middle-xs middle-sm\"> <div  class=\"col-xs-12 text-center content-holder\"> <a class=\"button small color3 dark-text\" href=\"http:\/\/ch1construtora.com.br?page_id=730\" target=\"_self\" data-cp-link=\"1\" data-icon=\"\" rel=\"noopener\">Ver Mais<\/a><\/div> <\/div><\/div> <\/div> <div  class=\"col-xs-12\"> <div  class=\"space-bottom space-top\" data-type=\"column\"> <h5  class=\"\"><span  style=\"font-family: &quot;Open Sans&quot;, arial, helvetica, sans-serif;\">Supermercado Prezunic \u2013 Tijuca<\/span><\/h5> <p  class=\"small italic\">CENCOSUD BRASIL COMERCIAL S.A., loja Prezunic, localizada na Tijuca\/RJ)<\/p><\/div> <\/div><\/div> <\/div> <div  class=\"col-xs-12 text-center col-sm-12 col-md-4\"> <div  class=\"card no-padding bordered\"> <div  data-hover-fx=\"portfolio-6\" class=\"contentswap-effect\"> <div  class=\"initial-image\"> <img  decoding=\"async\" data-size=\"500x333\" src=\"http:\/\/ch1construtora.com.br\/wp-content\/uploads\/2024\/02\/przbarra1.jpg\"><\/div> <div  class=\"overlay bg-color14\"><\/div> <div  class=\"swap-inner col-xs-12\"> <div  class=\"row full-height-row middle-xs middle-sm\"> <div  class=\"col-xs-12 text-center content-holder\"> <a class=\"button small color3 dark-text\" href=\"http:\/\/ch1construtora.com.br?page_id=786\" target=\"_self\" data-cp-link=\"1\" data-icon=\"\" rel=\"noopener\">Ver Mais<\/a><\/div> <\/div><\/div> <\/div> <div  class=\"col-xs-12\"> <div  class=\"space-bottom space-top\" data-type=\"column\"> <h5  class=\"\"><span  style=\"font-family: &quot;Open Sans&quot;, arial, helvetica, sans-serif; font-weight: 400;\">Supermercado Prezunic \u2013 Barra<\/span><\/h5> <p  class=\"small italic\">CENCOSUD BRASIL COMERCIAL S.A, Loja Prezunic, localizada na Av. Das Am\u00e9ricas \u2013 Barra da Tijuca\/RJ;<\/p><\/div> <\/div><\/div> <\/div><div  class=\"col-xs-12 text-center col-sm-12 col-md-4\"> <div  class=\"card no-padding bordered\"> <div  data-hover-fx=\"portfolio-6\" class=\"contentswap-effect\"> <div  class=\"initial-image\"> <img  decoding=\"async\" data-size=\"500x333\" src=\"http:\/\/ch1construtora.com.br\/wp-content\/uploads\/2024\/02\/maua3.jpg\"><\/div> <div  class=\"overlay bg-color14\"><\/div> <div  class=\"swap-inner col-xs-12\"> <div  class=\"row full-height-row middle-xs middle-sm\"> <div  class=\"col-xs-12 text-center content-holder\"> <a class=\"button small color3 dark-text\" href=\"http:\/\/ch1construtora.com.br?page_id=791\" target=\"_self\" data-cp-link=\"1\" data-icon=\"\" rel=\"noopener\">Ver Mais<\/a><\/div> <\/div><\/div> <\/div> <div  class=\"col-xs-12\"> <div  class=\"space-bottom space-top\" data-type=\"column\"> <h5  class=\"\"><span  style=\"font-family: &quot;Open Sans&quot;, arial, helvetica, sans-serif; font-weight: 400;\">P\u00eder Mau\u00e1<\/span><\/h5> <p  class=\"small italic\">Retrofit\/Armaz\u00e9m 5, localizado no Centro, P\u00eder Mau\u00e1\/RJ<\/p><\/div> <\/div><\/div> <\/div><\/div> <div  class=\"row\"><div  data-type=\"column\" class=\"col-xs-12 text-center\"> <\/div> <\/div><\/div> <\/div><div  data-label=\"Contato\" data-id=\"contact--1\" data-export-id=\"contact-3\" data-category=\"contact\" class=\"contact-3 content-section content-section-spacing\" id=\"contato\" style=\"background-color: rgb(255, 255, 255); background-size: cover; background-position: center top; background-image: url(&quot;http:\/\/ch1construtora.com.br\/wp-content\/uploads\/2018\/04\/cropped-192521-OXNZ2V-46.jpg&quot;);\" data-section-ov=\"1\"><div  class=\"gridContainer\"> <div  class=\"row\"><div  class=\"col-xs-12 col-sm-6 col-sm-offset-6 col-md-5 col-md-offset-7 text-center\"> <div  data-type=\"column\" class=\"card large-padding\"><h2  class=\"font-300\"><span  style=\"color: rgb(52, 58, 64); font-weight: 700; font-family: &quot;Open Sans&quot;, arial, helvetica, sans-serif;\">Contato<\/span><\/h2>  <p  class=\"\"><span  style=\"color: rgb(0, 0, 0);\">Av, J\u00falio de S\u00e1 Bierrenbach, n\u00ba 200 \u2013 Salas 622 a 631 \u2013 Ed. Indic \u2013 Jacarepagu\u00e1 \u2013 RJ \u2013 CEP 22.775-028<\/span><\/p> <p  class=\"\"><span  style=\"color: rgb(0, 0, 0);\">Telefone:  5521 3195-3010<\/span>\n<br ><span  style=\"color: rgb(74, 74, 74);\">Email: atendimento@ch1construtora.com.br<\/span><\/p>  <a href=\"mailto:orcamento@ch1construtora.com.br\" class=\"button color3 dark-text\" target=\"_blank\" data-cp-link=\"1\" data-icon=\"fa-whatsapp\" rel=\"noopener\">Solicite um Or\u00e7amento<\/a><\/div> <\/div><\/div> <\/div><\/div>","protected":false},"excerpt":{"rendered":"<p>Sobre a CH1 Construtora\ufeff\ufeff \ufeff Criada pela jun\u00e7\u00e3o de engenheiros e arquitetos com larga experi\u00eancia no segmento da constru\u00e7\u00e3o civil, a&nbsp;CH1 Construtora&nbsp;tem como prop\u00f3sito trazer grande inova\u00e7\u00e3o e novas tend\u00eancias nas \u00e1reas civil e instala\u00e7\u00f5es prediais, utilizando novas t\u00e9cnicas de constru\u00e7\u00e3o. Nossa miss\u00e3o \u00e9 criar um elo entre as necessidades cada vez maiores de nossos&hellip; <br \/> <a class=\"read-more\" href=\"http:\/\/ch1construtora.com.br\/\">Read more<\/a><\/p>\n","protected":false},"author":1,"featured_media":0,"parent":0,"menu_order":0,"comment_status":"closed","ping_status":"closed","template":"page-templates\/homepage.php","meta":{"footnotes":""},"class_list":["post-574","page","type-page","status-publish","hentry"],"_links":{"self":[{"href":"http:\/\/ch1construtora.com.br\/index.php?rest_route=\/wp\/v2\/pages\/574","targetHints":{"allow":["GET"]}}],"collection":[{"href":"http:\/\/ch1construtora.com.br\/index.php?rest_route=\/wp\/v2\/pages"}],"about":[{"href":"http:\/\/ch1construtora.com.br\/index.php?rest_route=\/wp\/v2\/types\/page"}],"author":[{"embeddable":true,"href":"http:\/\/ch1construtora.com.br\/index.php?rest_route=\/wp\/v2\/users\/1"}],"replies":[{"embeddable":true,"href":"http:\/\/ch1construtora.com.br\/index.php?rest_route=%2Fwp%2Fv2%2Fcomments&post=574"}],"version-history":[{"count":38,"href":"http:\/\/ch1construtora.com.br\/index.php?rest_route=\/wp\/v2\/pages\/574\/revisions"}],"predecessor-version":[{"id":798,"href":"http:\/\/ch1construtora.com.br\/index.php?rest_route=\/wp\/v2\/pages\/574\/revisions\/798"}],"wp:attachment":[{"href":"http:\/\/ch1construtora.com.br\/index.php?rest_route=%2Fwp%2Fv2%2Fmedia&parent=574"}],"curies":[{"name":"wp","href":"https:\/\/api.w.org\/{rel}","templated":true}]}}